{"id":7278,"date":"2021-05-05T14:57:08","date_gmt":"2021-05-05T14:57:08","guid":{"rendered":"http:\/\/bouwstunt.elevate-dev.nl\/?page_id=7278"},"modified":"2022-05-17T09:18:49","modified_gmt":"2022-05-17T09:18:49","slug":"levering","status":"publish","type":"page","link":"https:\/\/citobau.de\/de\/levering\/","title":{"rendered":"Levering"},"content":{"rendered":"<h2>Van productie\u00a0tot\u00a0levering<\/h2>\n<p>We hanteren een levertermijn van ongeveer 2 weken. De materialen worden elke woensdag doorgegeven aan onze productie afdeling. Op maandag worden de bestellingen opgehaald bij fabriek. Op woensdag nemen wij de bestelling bij ons in de magazijn aan. Vanaf donderdag worden de bestelling bezorgd afhankelijk van de route.<\/p>\n<p>Hieronder geven wij weer wat de stappen zijn\u00a0van productie tot bezorging.<\/p>\n<h3>Productie<\/h3>\n<figure id=\"attachment_1901\" class=\"wp-caption alignleft\" aria-describedby=\"caption-attachment-1901\"><img loading=\"lazy\" decoding=\"async\" class=\"alignleft wp-image-1901 size-medium\" src=\"https:\/\/citobau.de\/wp-content\/uploads\/2016\/02\/Persmachine-300x125.png\" alt=\"\" width=\"300\" height=\"125\" srcset=\"https:\/\/citobau.de\/wp-content\/uploads\/2016\/02\/Persmachine-300x125.png 300w, https:\/\/citobau.de\/wp-content\/uploads\/2016\/02\/Persmachine-768x320.png 768w, https:\/\/citobau.de\/wp-content\/uploads\/2016\/02\/Persmachine-600x250.png 600w, https:\/\/citobau.de\/wp-content\/uploads\/2016\/02\/Persmachine.png 960w\" sizes=\"auto, (max-width: 300px) 100vw, 300px\" \/><\/figure>\n<p>Wanneer een order binnen is gekomen bij Bouwstunt controleren wij eerst of de kleur en<br \/>\nafmetingen van de materialen overeenkomt met de wensen van de klant. In de fabriek staan meerdere rollen (coils) in verschillende kleuren. De rol met de juiste kleur wordt in de machine opgelegd en de dakpanplaten en damwandplaten worden in de juiste profielen of pannen geperst. Daarnaast worden de juiste lengtes volgens de wensen van de klant ingekort.<\/p>\n<p>&nbsp;<\/p>\n<p>&nbsp;<\/p>\n<h3>Beschermende folie<\/h3>\n<figure id=\"attachment_1902\" class=\"wp-caption alignleft\" aria-describedby=\"caption-attachment-1902\"><img loading=\"lazy\" decoding=\"async\" class=\"alignleft wp-image-1902 size-medium\" src=\"https:\/\/citobau.de\/wp-content\/uploads\/2016\/02\/Verpakking-e1652778175495-300x125.png\" alt=\"\" width=\"300\" height=\"125\" srcset=\"https:\/\/citobau.de\/wp-content\/uploads\/2016\/02\/Verpakking-e1652778175495-300x125.png 300w, https:\/\/citobau.de\/wp-content\/uploads\/2016\/02\/Verpakking-e1652778175495-768x320.png 768w, https:\/\/citobau.de\/wp-content\/uploads\/2016\/02\/Verpakking-e1652778175495-600x250.png 600w, https:\/\/citobau.de\/wp-content\/uploads\/2016\/02\/Verpakking-e1652778175495.png 960w\" sizes=\"auto, (max-width: 300px) 100vw, 300px\" \/><figcaption id=\"caption-attachment-1902\" class=\"wp-caption-text\"><\/figcaption><\/figure>\n<p>De zetwerken zoals de nokken, windveren, kilgoten etc. en de elementen van de dakgootsysteem worden op een nette manier verpakt voor de klanten met een beschermende folie. De standaard model dakpanplaten en damwandplaten worden niet verpakt met een beschermde folie, omdat de folie tijdens de monteren veel moeite kost om eraf te halen. De folie is dus erg beschermend.\u00a0De materialen worden niet op een pallet geleverd, omdat dit onhandig is voor onze logistiek.<\/p>\n<p>&nbsp;<\/p>\n<p>&nbsp;<\/p>\n<div>\n<h3>Afspraak voor de levering.<\/h3>\n<figure id=\"attachment_1905\" class=\"wp-caption alignleft\" aria-describedby=\"caption-attachment-1905\"><a href=\"https:\/\/citobau.de\/wp-content\/uploads\/2016\/02\/afspraak-voor-levering.jpg\"><img loading=\"lazy\" decoding=\"async\" class=\"alignleft wp-image-1905 size-medium\" src=\"https:\/\/citobau.de\/wp-content\/uploads\/2016\/02\/afspraak-voor-levering-300x125.jpg\" alt=\"\" width=\"300\" height=\"125\" srcset=\"https:\/\/citobau.de\/wp-content\/uploads\/2016\/02\/afspraak-voor-levering-300x125.jpg 300w, https:\/\/citobau.de\/wp-content\/uploads\/2016\/02\/afspraak-voor-levering.jpg 481w\" sizes=\"auto, (max-width: 300px) 100vw, 300px\" \/><\/a><\/figure>\n<p>Wanneer de klanten\u00a0een bestelling plaatsen, wordt deze door onze medewerkers bevestigd per mail. De bestelling\u00a0geven wij\u00a0z.s.m.\u00a0door naar onze\u00a0productie afdeling \u2013 lees hierboven stap voor stap welke dagen de bestelling doorgegeven worden en op welke dagen wij de materialen in ontvangst nemen, zodat wij de bestellingen in de route zetten.\u00a0Onze medewerkers zullen de klanten paar dagen van te voren een mail sturen over de levertijd. In de mail zal vermeld worden dat de levering op de dag zelf binnen 2 uur plaats zal vinden. Op deze manier kunt u rekening houden met verkeersvertraging. Om voor de klanten gemakkelijker te maken, zal de chauffeur de klanten dertig minuten van te voren bellen bij aankomst.<\/p>\n<\/div>\n<h3>Uitladen<\/h3>\n<figure id=\"attachment_1906\" class=\"wp-caption alignleft\" aria-describedby=\"caption-attachment-1906\"><img loading=\"lazy\" decoding=\"async\" class=\"alignleft wp-image-1906 size-medium\" src=\"https:\/\/citobau.de\/wp-content\/uploads\/2016\/02\/uitladen-300x123.jpg\" alt=\"Bezorging\" width=\"300\" height=\"123\" srcset=\"https:\/\/citobau.de\/wp-content\/uploads\/2016\/02\/uitladen-300x123.jpg 300w, https:\/\/citobau.de\/wp-content\/uploads\/2016\/02\/uitladen.jpg 503w\" sizes=\"auto, (max-width: 300px) 100vw, 300px\" \/><\/figure>\n<p>De bestelde materialen komt niet met een vrachtwagen, maar met een openlaadbak. We hebben voor dit vervoermiddel gekozen, omdat 90 procent van de gebruikers van dakpanplaten en damwandplaten particuliere klanten zijn. Het\u00a0is bijna onmogelijk\u00a0om met een vrachtwagen bij een camping of bij een smalle straat te leveren, daarom leveren wij met een\u00a0openlaadbak. De levering is altijd ongelost, maar onze chauffeur doet nooit moeilijk om u handje te helpen.<\/p>\n<p>&nbsp;<\/p>\n<p>&nbsp;<\/p>\n<div>\n<h3>Vrachtbrief<\/h3>\n<figure id=\"attachment_1908\" class=\"wp-caption alignleft\" aria-describedby=\"caption-attachment-1908\"><img loading=\"lazy\" decoding=\"async\" class=\"alignleft wp-image-1908 size-medium\" src=\"https:\/\/citobau.de\/wp-content\/uploads\/2016\/02\/ontvangst-1-300x124.jpg\" alt=\"ontvangst\" width=\"300\" height=\"124\" srcset=\"https:\/\/citobau.de\/wp-content\/uploads\/2016\/02\/ontvangst-1-300x124.jpg 300w, https:\/\/citobau.de\/wp-content\/uploads\/2016\/02\/ontvangst-1.jpg 501w\" sizes=\"auto, (max-width: 300px) 100vw, 300px\" \/><figcaption id=\"caption-attachment-1908\" class=\"wp-caption-text\"><\/figcaption><\/figure>\n<p>Wanneer de klant heeft uitgeladen, worden de materialen \u00e9\u00e9n voor \u00e9\u00e9n controleert voor juistheid. Indien de bestelde materialen overeenkomst, wordt er een handtekening opgezet op de vrachtbrief. Op deze brief staat precies wat de bestelling inhoudt. Zo kunnen we achteraf weten wat u heeft ontvangen en wat wij hebben geleverd.<\/p>\n<\/div>\n<p>&nbsp;<br \/>\n&nbsp;<\/p>\n<h3>Betaling<\/h3>\n<p>Als de bestelling klopt moeten de betaling plaatsvinden. Meestal worden de bestellingen betaald vooraf via bankoverschrijving of andere betaalopties. Bij ons is ook mogelijk om de bestellingen tijdens de levering te betalen aan de chauffeur.<br \/>\n&nbsp;<br \/>\n&nbsp;<\/p>","protected":false},"excerpt":{"rendered":"<p>Van productie\u00a0tot\u00a0levering We hanteren een levertermijn van ongeveer 2 weken. De materialen worden elke woensdag doorgegeven aan onze productie afdeling. Op maandag worden de bestellingen opgehaald bij fabriek. Op woensdag nemen wij de bestelling bij ons in de magazijn aan. Vanaf donderdag worden de bestelling bezorgd afhankelijk van de route. Hieronder geven wij weer wat &hellip; <a href=\"https:\/\/citobau.de\/de\/levering\/\">Continued<\/a><\/p>","protected":false},"author":10,"featured_media":0,"parent":0,"menu_order":0,"comment_status":"closed","ping_status":"closed","template":"","meta":{"_acf_changed":false,"footnotes":""},"class_list":["post-7278","page","type-page","status-publish","hentry"],"acf":[],"yoast_head":"<!-- This site is optimized with the Yoast SEO plugin v26.8 - https:\/\/yoast.com\/product\/yoast-seo-wordpress\/ -->\n<title>Levering - Cito bau<\/title>\n<meta name=\"robots\" content=\"index, follow, max-snippet:-1, max-image-preview:large, max-video-preview:-1\" \/>\n<link rel=\"canonical\" href=\"https:\/\/citobau.de\/de\/levering\/\" \/>\n<meta property=\"og:locale\" content=\"de_DE\" \/>\n<meta property=\"og:type\" content=\"article\" \/>\n<meta property=\"og:title\" content=\"Levering - Cito bau\" \/>\n<meta property=\"og:description\" content=\"Van productie\u00a0tot\u00a0levering We hanteren een levertermijn van ongeveer 2 weken. De materialen worden elke woensdag doorgegeven aan onze productie afdeling. Op maandag worden de bestellingen opgehaald bij fabriek. Op woensdag nemen wij de bestelling bij ons in de magazijn aan. Vanaf donderdag worden de bestelling bezorgd afhankelijk van de route. Hieronder geven wij weer wat &hellip; Continued\" \/>\n<meta property=\"og:url\" content=\"https:\/\/citobau.de\/de\/levering\/\" \/>\n<meta property=\"og:site_name\" content=\"Cito bau\" \/>\n<meta property=\"article:modified_time\" content=\"2022-05-17T09:18:49+00:00\" \/>\n<meta property=\"og:image\" content=\"https:\/\/citobau.de\/wp-content\/uploads\/2016\/02\/Persmachine-300x125.png\" \/>\n<meta name=\"twitter:card\" content=\"summary_large_image\" \/>\n<meta name=\"twitter:label1\" content=\"Gesch\u00e4tzte Lesezeit\" \/>\n\t<meta name=\"twitter:data1\" content=\"4\u00a0Minuten\" \/>\n<script type=\"application\/ld+json\" class=\"yoast-schema-graph\">{\"@context\":\"https:\/\/schema.org\",\"@graph\":[{\"@type\":\"WebPage\",\"@id\":\"https:\/\/citobau.de\/levering\/\",\"url\":\"https:\/\/citobau.de\/levering\/\",\"name\":\"Levering - Cito bau\",\"isPartOf\":{\"@id\":\"https:\/\/citobau.de\/#website\"},\"primaryImageOfPage\":{\"@id\":\"https:\/\/citobau.de\/levering\/#primaryimage\"},\"image\":{\"@id\":\"https:\/\/citobau.de\/levering\/#primaryimage\"},\"thumbnailUrl\":\"https:\/\/citobau.de\/wp-content\/uploads\/2016\/02\/Persmachine-300x125.png\",\"datePublished\":\"2021-05-05T14:57:08+00:00\",\"dateModified\":\"2022-05-17T09:18:49+00:00\",\"breadcrumb\":{\"@id\":\"https:\/\/citobau.de\/levering\/#breadcrumb\"},\"inLanguage\":\"de\",\"potentialAction\":[{\"@type\":\"ReadAction\",\"target\":[\"https:\/\/citobau.de\/levering\/\"]}]},{\"@type\":\"ImageObject\",\"inLanguage\":\"de\",\"@id\":\"https:\/\/citobau.de\/levering\/#primaryimage\",\"url\":\"https:\/\/citobau.de\/wp-content\/uploads\/2016\/02\/Persmachine-300x125.png\",\"contentUrl\":\"https:\/\/citobau.de\/wp-content\/uploads\/2016\/02\/Persmachine-300x125.png\"},{\"@type\":\"BreadcrumbList\",\"@id\":\"https:\/\/citobau.de\/levering\/#breadcrumb\",\"itemListElement\":[{\"@type\":\"ListItem\",\"position\":1,\"name\":\"Home\",\"item\":\"https:\/\/citobau.de\/\"},{\"@type\":\"ListItem\",\"position\":2,\"name\":\"Levering\"}]},{\"@type\":\"WebSite\",\"@id\":\"https:\/\/citobau.de\/#website\",\"url\":\"https:\/\/citobau.de\/\",\"name\":\"Cito bau\",\"description\":\"\",\"potentialAction\":[{\"@type\":\"SearchAction\",\"target\":{\"@type\":\"EntryPoint\",\"urlTemplate\":\"https:\/\/citobau.de\/?s={search_term_string}\"},\"query-input\":{\"@type\":\"PropertyValueSpecification\",\"valueRequired\":true,\"valueName\":\"search_term_string\"}}],\"inLanguage\":\"de\"}]}<\/script>\n<!-- \/ Yoast SEO plugin. -->","yoast_head_json":{"title":"Levering - Cito bau","robots":{"index":"index","follow":"follow","max-snippet":"max-snippet:-1","max-image-preview":"max-image-preview:large","max-video-preview":"max-video-preview:-1"},"canonical":"https:\/\/citobau.de\/de\/levering\/","og_locale":"de_DE","og_type":"article","og_title":"Levering - Cito bau","og_description":"Van productie\u00a0tot\u00a0levering We hanteren een levertermijn van ongeveer 2 weken. De materialen worden elke woensdag doorgegeven aan onze productie afdeling. Op maandag worden de bestellingen opgehaald bij fabriek. Op woensdag nemen wij de bestelling bij ons in de magazijn aan. Vanaf donderdag worden de bestelling bezorgd afhankelijk van de route. Hieronder geven wij weer wat &hellip; Continued","og_url":"https:\/\/citobau.de\/de\/levering\/","og_site_name":"Cito bau","article_modified_time":"2022-05-17T09:18:49+00:00","og_image":[{"url":"https:\/\/citobau.de\/wp-content\/uploads\/2016\/02\/Persmachine-300x125.png","type":"","width":"","height":""}],"twitter_card":"summary_large_image","twitter_misc":{"Gesch\u00e4tzte Lesezeit":"4\u00a0Minuten"},"schema":{"@context":"https:\/\/schema.org","@graph":[{"@type":"WebPage","@id":"https:\/\/citobau.de\/levering\/","url":"https:\/\/citobau.de\/levering\/","name":"Levering - Cito bau","isPartOf":{"@id":"https:\/\/citobau.de\/#website"},"primaryImageOfPage":{"@id":"https:\/\/citobau.de\/levering\/#primaryimage"},"image":{"@id":"https:\/\/citobau.de\/levering\/#primaryimage"},"thumbnailUrl":"https:\/\/citobau.de\/wp-content\/uploads\/2016\/02\/Persmachine-300x125.png","datePublished":"2021-05-05T14:57:08+00:00","dateModified":"2022-05-17T09:18:49+00:00","breadcrumb":{"@id":"https:\/\/citobau.de\/levering\/#breadcrumb"},"inLanguage":"de","potentialAction":[{"@type":"ReadAction","target":["https:\/\/citobau.de\/levering\/"]}]},{"@type":"ImageObject","inLanguage":"de","@id":"https:\/\/citobau.de\/levering\/#primaryimage","url":"https:\/\/citobau.de\/wp-content\/uploads\/2016\/02\/Persmachine-300x125.png","contentUrl":"https:\/\/citobau.de\/wp-content\/uploads\/2016\/02\/Persmachine-300x125.png"},{"@type":"BreadcrumbList","@id":"https:\/\/citobau.de\/levering\/#breadcrumb","itemListElement":[{"@type":"ListItem","position":1,"name":"Home","item":"https:\/\/citobau.de\/"},{"@type":"ListItem","position":2,"name":"Levering"}]},{"@type":"WebSite","@id":"https:\/\/citobau.de\/#website","url":"https:\/\/citobau.de\/","name":"Cito bau","description":"","potentialAction":[{"@type":"SearchAction","target":{"@type":"EntryPoint","urlTemplate":"https:\/\/citobau.de\/?s={search_term_string}"},"query-input":{"@type":"PropertyValueSpecification","valueRequired":true,"valueName":"search_term_string"}}],"inLanguage":"de"}]}},"_links":{"self":[{"href":"https:\/\/citobau.de\/de\/wp-json\/wp\/v2\/pages\/7278","targetHints":{"allow":["GET"]}}],"collection":[{"href":"https:\/\/citobau.de\/de\/wp-json\/wp\/v2\/pages"}],"about":[{"href":"https:\/\/citobau.de\/de\/wp-json\/wp\/v2\/types\/page"}],"author":[{"embeddable":true,"href":"https:\/\/citobau.de\/de\/wp-json\/wp\/v2\/users\/10"}],"replies":[{"embeddable":true,"href":"https:\/\/citobau.de\/de\/wp-json\/wp\/v2\/comments?post=7278"}],"version-history":[{"count":30,"href":"https:\/\/citobau.de\/de\/wp-json\/wp\/v2\/pages\/7278\/revisions"}],"predecessor-version":[{"id":8139,"href":"https:\/\/citobau.de\/de\/wp-json\/wp\/v2\/pages\/7278\/revisions\/8139"}],"wp:attachment":[{"href":"https:\/\/citobau.de\/de\/wp-json\/wp\/v2\/media?parent=7278"}],"curies":[{"name":"wp","href":"https:\/\/api.w.org\/{rel}","templated":true}]}}